{"id":63778,"date":"2019-10-01T16:29:47","date_gmt":"2019-10-01T14:29:47","guid":{"rendered":"https:\/\/festi.be\/cookie-policy\/"},"modified":"2019-10-14T11:21:13","modified_gmt":"2019-10-14T09:21:13","slug":"cookie-policy","status":"publish","type":"page","link":"https:\/\/festi.be\/nl\/cookie-policy\/","title":{"rendered":"Cookie Policy"},"content":{"rendered":"<div class=\"cli_pg_page_contaner\">\n<h3>A propos de cette politique sur les cookies.<\/h3>\n<div>\n<p>Cette politique sur les cookies explique ce que sont les cookies et comment nous les utilisons. Vous devriez lire cette politique pour comprendre ce que sont les cookies, comment nous les utilisons, les types de cookies que nous utilisons, c&#8217;est-\u00e0-dire les informations que nous recueillons \u00e0 l&#8217;aide de cookies, comment ces informations sont utilis\u00e9es et comment contr\u00f4ler les pr\u00e9f\u00e9rences des cookies. Pour plus d&#8217;informations sur la fa\u00e7on dont nous utilisons, stockons et conservons vos donn\u00e9es personnelles en toute s\u00e9curit\u00e9, consultez notre Politique de confidentialit\u00e9.<\/p>\n<p>Vous pouvez \u00e0 tout moment modifier ou retirer votre consentement \u00e0 la d\u00e9claration des cookies sur notre site Web.<\/p>\n<p>Pour en savoir plus sur qui nous sommes, comment vous pouvez nous contacter et comment nous traitons les donn\u00e9es personnelles, consultez notre Politique de confidentialit\u00e9.<\/p>\n<p>Votre consentement s&#8217;applique aux domaines suivants : festi.be<\/p>\n<div class=\"cli_user_consent_state\">Your current state: No consent given. <a class=\"cli_manage_current_consent\" style=\"cursor:pointer;text-decoration:underline;\">Manage your consent.<\/a> <\/div>\n<\/div>\n<h3>Que sont les cookies ?<\/h3>\n<div>\n<p>Les cookies sont de petits fichiers texte qui sont utilis\u00e9s pour stocker de petits \u00e9l\u00e9ments d&#8217;information. Les cookies sont stock\u00e9s sur votre appareil lorsque le site Web est charg\u00e9 sur votre navigateur. Ces cookies nous aident \u00e0 faire fonctionner correctement le site Web, \u00e0 le rendre plus s\u00fbr, \u00e0 offrir une meilleure exp\u00e9rience utilisateur et \u00e0 comprendre comment le site fonctionne et \u00e0 analyser ce qui fonctionne et ce qui doit \u00eatre am\u00e9lior\u00e9.<\/p>\n<\/div>\n<h3>Comment utilisons-nous les cookies ?<\/h3>\n<div>\n<p>Comme la plupart des services en ligne, notre site Web utilise des t\u00e9moins de premi\u00e8re partie et des t\u00e9moins de tiers \u00e0 diverses fins. Les cookies de premi\u00e8re partie sont la plupart du temps n\u00e9cessaires au bon fonctionnement du site Web, et ils ne collectent aucune de vos donn\u00e9es personnelles identifiables.<\/p>\n<p>Les cookies de tiers utilis\u00e9s sur nos sites Web sont utilis\u00e9s principalement pour comprendre comment le site Web fonctionne, comment vous interagissez avec notre site Web, pour assurer la s\u00e9curit\u00e9 de nos services, pour fournir des publicit\u00e9s qui vous concernent et, dans l&#8217;ensemble, pour vous offrir une exp\u00e9rience utilisateur meilleure et am\u00e9lior\u00e9e et acc\u00e9l\u00e9rer vos interactions futures avec notre site.<\/p>\n<\/div>\n<h3>Quels types de cookies utilisons-nous ?<\/h3>\n<div>\n<p>Les cookies utilis\u00e9s sur notre site Web sont regroup\u00e9s dans les cat\u00e9gories suivantes.<\/p>\n<p>[cookie_category]<\/p>\n<p>La liste ci-dessous d\u00e9taille les cookies utilis\u00e9s sur notre site Web.<\/p>\n<p>[cookie_audit_category columns=&#8221;cookie,description&#8221;]<\/p>\n<\/div>\n<h3>Comment puis-je contr\u00f4ler les pr\u00e9f\u00e9rences des cookies ?<\/h3>\n<div>\n<p>Vous pouvez g\u00e9rer vos pr\u00e9f\u00e9rences de cookies en cliquant sur le bouton &#8220;Param\u00e8tres&#8221; et en activant ou d\u00e9sactivant les cat\u00e9gories de cookies dans le popup en fonction de vos pr\u00e9f\u00e9rences.<\/p>\n<p>Si vous d\u00e9cidez de modifier vos pr\u00e9f\u00e9rences ult\u00e9rieurement au cours de votre session de navigation, vous pouvez cliquer sur l&#8217;onglet &#8220;Politique de confidentialit\u00e9 et de cookies&#8221; sur votre \u00e9cran. L&#8217;avis de consentement s&#8217;affichera \u00e0 nouveau, ce qui vous permettra de modifier vos pr\u00e9f\u00e9rences ou de retirer enti\u00e8rement votre consentement.<\/p>\n<p>En outre, diff\u00e9rents navigateurs proposent diff\u00e9rentes m\u00e9thodes pour bloquer et supprimer les cookies utilis\u00e9s par les sites Web. Vous pouvez modifier les param\u00e8tres de votre navigateur pour bloquer\/supprimer les cookies. Pour en savoir plus sur la gestion et la suppression des cookies, visitez wikipedia.org, www.allaboutcookies.org<\/p>\n<\/div>\n<p class=\"powered_by_p\" style=\"width:100% !important; display:block !important; color:#333; clear:both; font-style:italic !important; font-size:12px !important; margin-top:15px !important;\">Powered By <a href=\"https:\/\/www.cookieyes.com\/\" class=\"powered_by_a\" style=\"color:#333; font-weight:600 !important; font-size:12px !important;\">CookieYes<\/a><\/p>\n<\/div>\n","protected":false},"excerpt":{"rendered":"<p>A propos de cette politique sur les cookies. Cette politique sur les cookies explique ce que sont les cookies et comment nous les utilisons. Vous devriez lire cette politique pour comprendre ce que sont les cookies, comment nous les utilisons, les types de cookies que nous utilisons, c&#8217;est-\u00e0-dire les informations que nous recueillons \u00e0 l&#8217;aide [&hellip;]<\/p>\n","protected":false},"author":1,"featured_media":0,"parent":0,"menu_order":0,"comment_status":"closed","ping_status":"closed","template":"","meta":[],"yst_prominent_words":[12625,12626,12627,12628,12629,12630,12631,12530,12632,12563,12633,12564,12634,12565,12635,12566,12567,12609,12623,12624],"_links":{"self":[{"href":"https:\/\/festi.be\/nl\/wp-json\/wp\/v2\/pages\/63778"}],"collection":[{"href":"https:\/\/festi.be\/nl\/wp-json\/wp\/v2\/pages"}],"about":[{"href":"https:\/\/festi.be\/nl\/wp-json\/wp\/v2\/types\/page"}],"author":[{"embeddable":true,"href":"https:\/\/festi.be\/nl\/wp-json\/wp\/v2\/users\/1"}],"replies":[{"embeddable":true,"href":"https:\/\/festi.be\/nl\/wp-json\/wp\/v2\/comments?post=63778"}],"version-history":[{"count":0,"href":"https:\/\/festi.be\/nl\/wp-json\/wp\/v2\/pages\/63778\/revisions"}],"wp:attachment":[{"href":"https:\/\/festi.be\/nl\/wp-json\/wp\/v2\/media?parent=63778"}],"wp:term":[{"taxonomy":"yst_prominent_words","embeddable":true,"href":"https:\/\/festi.be\/nl\/wp-json\/wp\/v2\/yst_prominent_words?post=63778"}],"curies":[{"name":"wp","href":"https:\/\/api.w.org\/{rel}","templated":true}]}}